{"id":772,"date":"2022-11-14T16:30:21","date_gmt":"2022-11-14T15:30:21","guid":{"rendered":"http:\/\/okabeer.com\/?page_id=772"},"modified":"2024-09-19T13:45:46","modified_gmt":"2024-09-19T11:45:46","slug":"les-softs","status":"publish","type":"page","link":"https:\/\/okabeer.com\/index.php\/les-softs\/","title":{"rendered":"Les softs"},"content":{"rendered":"\t\t<div data-elementor-type=\"wp-page\" data-elementor-id=\"772\" class=\"elementor elementor-772\">\n\t\t\t\t\t\t\t\t\t<section class=\"elementor-section elementor-top-section elementor-element elementor-element-35361ec elementor-section-boxed elementor-section-height-default elementor-section-height-default\" data-id=\"35361ec\" data-element_type=\"section\">\n\t\t\t\t\t\t<div class=\"elementor-container elementor-column-gap-default\">\n\t\t\t\t\t<div class=\"elementor-column elementor-col-100 elementor-top-column elementor-element elementor-element-de6cbf9\" data-id=\"de6cbf9\" data-element_type=\"column\">\n\t\t\t<div class=\"elementor-widget-wrap elementor-element-populated\">\n\t\t\t\t\t\t\t\t<section class=\"elementor-section elementor-inner-section elementor-element elementor-element-0e17a73 elementor-section-boxed elementor-section-height-default elementor-section-height-default\" data-id=\"0e17a73\" data-element_type=\"section\">\n\t\t\t\t\t\t<div class=\"elementor-container elementor-column-gap-default\">\n\t\t\t\t\t<div class=\"elementor-column elementor-col-100 elementor-inner-column elementor-element elementor-element-cd3700a\" data-id=\"cd3700a\" data-element_type=\"column\">\n\t\t\t<div class=\"elementor-widget-wrap elementor-element-populated\">\n\t\t\t\t\t\t\t\t<div class=\"elementor-element elementor-element-3c6f679 elementor-widget elementor-widget-text-editor\" data-id=\"3c6f679\" data-element_type=\"widget\" data-widget_type=\"text-editor.default\">\n\t\t\t\t<div class=\"elementor-widget-container\">\n\t\t\t<style>\/*! elementor - v3.6.1 - 23-03-2022 *\/\n.elementor-widget-text-editor.elementor-drop-cap-view-stacked .elementor-drop-cap{background-color:#818a91;color:#fff}.elementor-widget-text-editor.elementor-drop-cap-view-framed .elementor-drop-cap{color:#818a91;border:3px solid;background-color:transparent}.elementor-widget-text-editor:not(.elementor-drop-cap-view-default) .elementor-drop-cap{margin-top:8px}.elementor-widget-text-editor:not(.elementor-drop-cap-view-default) .elementor-drop-cap-letter{width:1em;height:1em}.elementor-widget-text-editor .elementor-drop-cap{float:left;text-align:center;line-height:1;font-size:50px}.elementor-widget-text-editor .elementor-drop-cap-letter{display:inline-block}<\/style>\t\t\t\t<p>Nos softs, produits artisanalement \u00e0 la brasserie, sont actuellement disponibles en 33 cl (les bouteilles sont r\u00e9cup\u00e9r\u00e9es et lav\u00e9es) et en f\u00fbts de 20 litres \u00e0 la demande.<\/p>\t\t\t\t\t\t<\/div>\n\t\t\t\t<\/div>\n\t\t\t\t\t<\/div>\n\t\t<\/div>\n\t\t\t\t\t\t\t<\/div>\n\t\t<\/section>\n\t\t\t\t\t<\/div>\n\t\t<\/div>\n\t\t\t\t\t\t\t<\/div>\n\t\t<\/section>\n\t\t\t\t<section class=\"elementor-section elementor-top-section elementor-element elementor-element-6a62dc2 elementor-section-boxed elementor-section-height-default elementor-section-height-default\" data-id=\"6a62dc2\" data-element_type=\"section\">\n\t\t\t\t\t\t<div class=\"elementor-container elementor-column-gap-default\">\n\t\t\t\t\t<div class=\"elementor-column elementor-col-50 elementor-top-column elementor-element elementor-element-edf1037\" data-id=\"edf1037\" data-element_type=\"column\">\n\t\t\t<div class=\"elementor-widget-wrap elementor-element-populated\">\n\t\t\t\t\t\t\t\t<div class=\"elementor-element elementor-element-90fc1fc elementor-widget elementor-widget-image\" data-id=\"90fc1fc\" data-element_type=\"widget\" data-widget_type=\"image.default\">\n\t\t\t\t<div class=\"elementor-widget-container\">\n\t\t\t<style>\/*! elementor - v3.6.1 - 23-03-2022 *\/\n.elementor-widget-image{text-align:center}.elementor-widget-image a{display:inline-block}.elementor-widget-image a img[src$=\".svg\"]{width:48px}.elementor-widget-image img{vertical-align:middle;display:inline-block}<\/style>\t\t\t\t\t\t\t\t\t\t\t\t<img loading=\"lazy\" decoding=\"async\" width=\"314\" height=\"314\" src=\"https:\/\/i0.wp.com\/okabeer.com\/wp-content\/uploads\/2023\/09\/OKA_Kola.png?fit=314%2C314&amp;ssl=1\" class=\"attachment-large size-large\" alt=\"\" srcset=\"https:\/\/i0.wp.com\/okabeer.com\/wp-content\/uploads\/2023\/09\/OKA_Kola.png?w=314&amp;ssl=1 314w, https:\/\/i0.wp.com\/okabeer.com\/wp-content\/uploads\/2023\/09\/OKA_Kola.png?resize=300%2C300&amp;ssl=1 300w, https:\/\/i0.wp.com\/okabeer.com\/wp-content\/uploads\/2023\/09\/OKA_Kola.png?resize=150%2C150&amp;ssl=1 150w, https:\/\/i0.wp.com\/okabeer.com\/wp-content\/uploads\/2023\/09\/OKA_Kola.png?resize=100%2C100&amp;ssl=1 100w\" sizes=\"auto, (max-width: 314px) 100vw, 314px\" \/>\t\t\t\t\t\t\t\t\t\t\t\t\t\t\t<\/div>\n\t\t\t\t<\/div>\n\t\t\t\t\t<\/div>\n\t\t<\/div>\n\t\t\t\t<div class=\"elementor-column elementor-col-50 elementor-top-column elementor-element elementor-element-78994bf\" data-id=\"78994bf\" data-element_type=\"column\">\n\t\t\t<div class=\"elementor-widget-wrap elementor-element-populated\">\n\t\t\t\t\t\t\t\t<div class=\"elementor-element elementor-element-11cc6a2 elementor-widget elementor-widget-image\" data-id=\"11cc6a2\" data-element_type=\"widget\" data-widget_type=\"image.default\">\n\t\t\t\t<div class=\"elementor-widget-container\">\n\t\t\t\t\t\t\t\t\t\t\t\t\t\t\t<img loading=\"lazy\" decoding=\"async\" width=\"300\" height=\"300\" src=\"https:\/\/i0.wp.com\/okabeer.com\/wp-content\/uploads\/2023\/09\/kola_descriptif_2.png?fit=300%2C300&amp;ssl=1\" class=\"attachment-medium size-medium\" alt=\"\" srcset=\"https:\/\/i0.wp.com\/okabeer.com\/wp-content\/uploads\/2023\/09\/kola_descriptif_2.png?w=300&amp;ssl=1 300w, https:\/\/i0.wp.com\/okabeer.com\/wp-content\/uploads\/2023\/09\/kola_descriptif_2.png?resize=150%2C150&amp;ssl=1 150w, https:\/\/i0.wp.com\/okabeer.com\/wp-content\/uploads\/2023\/09\/kola_descriptif_2.png?resize=100%2C100&amp;ssl=1 100w\" sizes=\"auto, (max-width: 300px) 100vw, 300px\" \/>\t\t\t\t\t\t\t\t\t\t\t\t\t\t\t<\/div>\n\t\t\t\t<\/div>\n\t\t\t\t\t<\/div>\n\t\t<\/div>\n\t\t\t\t\t\t\t<\/div>\n\t\t<\/section>\n\t\t\t\t<section class=\"elementor-section elementor-top-section elementor-element elementor-element-ca923e9 elementor-section-boxed elementor-section-height-default elementor-section-height-default\" data-id=\"ca923e9\" data-element_type=\"section\">\n\t\t\t\t\t\t<div class=\"elementor-container elementor-column-gap-default\">\n\t\t\t\t\t<div class=\"elementor-column elementor-col-100 elementor-top-column elementor-element elementor-element-443dcfe\" data-id=\"443dcfe\" data-element_type=\"column\">\n\t\t\t<div class=\"elementor-widget-wrap elementor-element-populated\">\n\t\t\t\t\t\t\t\t<div class=\"elementor-element elementor-element-de2d3e9 elementor-align-center elementor-widget elementor-widget-button\" data-id=\"de2d3e9\" data-element_type=\"widget\" data-widget_type=\"button.default\">\n\t\t\t\t<div class=\"elementor-widget-container\">\n\t\t\t\t\t<div class=\"elementor-button-wrapper\">\n\t\t\t<a href=\"https:\/\/easybeer.shop\/hors-categories\/okabeer-okakola-33cl\/\" class=\"elementor-button-link elementor-button elementor-size-sm\" role=\"button\">\n\t\t\t\t\t\t<span class=\"elementor-button-content-wrapper\">\n\t\t\t\t\t\t<span class=\"elementor-button-text\">Commander en ligne<\/span>\n\t\t<\/span>\n\t\t\t\t\t<\/a>\n\t\t<\/div>\n\t\t\t\t<\/div>\n\t\t\t\t<\/div>\n\t\t\t\t<section class=\"elementor-section elementor-inner-section elementor-element elementor-element-c032f85 elementor-section-boxed elementor-section-height-default elementor-section-height-default\" data-id=\"c032f85\" data-element_type=\"section\">\n\t\t\t\t\t\t<div class=\"elementor-container elementor-column-gap-default\">\n\t\t\t\t\t<div class=\"elementor-column elementor-col-50 elementor-inner-column elementor-element elementor-element-86af54d\" data-id=\"86af54d\" data-element_type=\"column\">\n\t\t\t<div class=\"elementor-widget-wrap elementor-element-populated\">\n\t\t\t\t\t\t\t\t<div class=\"elementor-element elementor-element-8972158 elementor-widget elementor-widget-image\" data-id=\"8972158\" data-element_type=\"widget\" data-widget_type=\"image.default\">\n\t\t\t\t<div class=\"elementor-widget-container\">\n\t\t\t\t\t\t\t\t\t\t\t\t\t\t\t<img loading=\"lazy\" decoding=\"async\" width=\"300\" height=\"300\" src=\"https:\/\/i0.wp.com\/okabeer.com\/wp-content\/uploads\/2022\/11\/OKA_Lemon-Kitty.png?fit=300%2C300&amp;ssl=1\" class=\"attachment-medium size-medium\" alt=\"\" srcset=\"https:\/\/i0.wp.com\/okabeer.com\/wp-content\/uploads\/2022\/11\/OKA_Lemon-Kitty.png?w=720&amp;ssl=1 720w, https:\/\/i0.wp.com\/okabeer.com\/wp-content\/uploads\/2022\/11\/OKA_Lemon-Kitty.png?resize=300%2C300&amp;ssl=1 300w, https:\/\/i0.wp.com\/okabeer.com\/wp-content\/uploads\/2022\/11\/OKA_Lemon-Kitty.png?resize=150%2C150&amp;ssl=1 150w, https:\/\/i0.wp.com\/okabeer.com\/wp-content\/uploads\/2022\/11\/OKA_Lemon-Kitty.png?resize=600%2C600&amp;ssl=1 600w, https:\/\/i0.wp.com\/okabeer.com\/wp-content\/uploads\/2022\/11\/OKA_Lemon-Kitty.png?resize=100%2C100&amp;ssl=1 100w\" sizes=\"auto, (max-width: 300px) 100vw, 300px\" \/>\t\t\t\t\t\t\t\t\t\t\t\t\t\t\t<\/div>\n\t\t\t\t<\/div>\n\t\t\t\t\t<\/div>\n\t\t<\/div>\n\t\t\t\t<div class=\"elementor-column elementor-col-50 elementor-inner-column elementor-element elementor-element-7159b59\" data-id=\"7159b59\" data-element_type=\"column\">\n\t\t\t<div class=\"elementor-widget-wrap elementor-element-populated\">\n\t\t\t\t\t\t\t\t<div class=\"elementor-element elementor-element-258fc11 elementor-widget elementor-widget-image\" data-id=\"258fc11\" data-element_type=\"widget\" data-widget_type=\"image.default\">\n\t\t\t\t<div class=\"elementor-widget-container\">\n\t\t\t\t\t\t\t\t\t\t\t\t\t\t\t<img loading=\"lazy\" decoding=\"async\" width=\"300\" height=\"300\" src=\"https:\/\/i0.wp.com\/okabeer.com\/wp-content\/uploads\/2022\/11\/oka_kitty_descriptif.png?fit=300%2C300&amp;ssl=1\" class=\"attachment-medium size-medium\" alt=\"\" srcset=\"https:\/\/i0.wp.com\/okabeer.com\/wp-content\/uploads\/2022\/11\/oka_kitty_descriptif.png?w=646&amp;ssl=1 646w, https:\/\/i0.wp.com\/okabeer.com\/wp-content\/uploads\/2022\/11\/oka_kitty_descriptif.png?resize=300%2C300&amp;ssl=1 300w, https:\/\/i0.wp.com\/okabeer.com\/wp-content\/uploads\/2022\/11\/oka_kitty_descriptif.png?resize=150%2C150&amp;ssl=1 150w, https:\/\/i0.wp.com\/okabeer.com\/wp-content\/uploads\/2022\/11\/oka_kitty_descriptif.png?resize=600%2C600&amp;ssl=1 600w, https:\/\/i0.wp.com\/okabeer.com\/wp-content\/uploads\/2022\/11\/oka_kitty_descriptif.png?resize=100%2C100&amp;ssl=1 100w\" sizes=\"auto, (max-width: 300px) 100vw, 300px\" \/>\t\t\t\t\t\t\t\t\t\t\t\t\t\t\t<\/div>\n\t\t\t\t<\/div>\n\t\t\t\t\t<\/div>\n\t\t<\/div>\n\t\t\t\t\t\t\t<\/div>\n\t\t<\/section>\n\t\t\t\t<div class=\"elementor-element elementor-element-7f472f4 elementor-align-center elementor-widget elementor-widget-button\" data-id=\"7f472f4\" data-element_type=\"widget\" data-widget_type=\"button.default\">\n\t\t\t\t<div class=\"elementor-widget-container\">\n\t\t\t\t\t<div class=\"elementor-button-wrapper\">\n\t\t\t<a href=\"https:\/\/easybeer.shop\/hors-categories\/okabeer-lemon-kitty-33cl\/\" class=\"elementor-button-link elementor-button elementor-size-sm\" role=\"button\">\n\t\t\t\t\t\t<span class=\"elementor-button-content-wrapper\">\n\t\t\t\t\t\t<span class=\"elementor-button-text\">Commander maintenant<\/span>\n\t\t<\/span>\n\t\t\t\t\t<\/a>\n\t\t<\/div>\n\t\t\t\t<\/div>\n\t\t\t\t<\/div>\n\t\t\t\t\t<\/div>\n\t\t<\/div>\n\t\t\t\t\t\t\t<\/div>\n\t\t<\/section>\n\t\t\t\t\t\t\t<\/div>\n\t\t","protected":false},"excerpt":{"rendered":"<p>Nos softs, produits artisanalement \u00e0 la brasserie, sont actuellement disponibles en 33 cl (les bouteilles sont r\u00e9cup\u00e9r\u00e9es et lav\u00e9es) et en f\u00fbts de 20 litres &hellip;<\/p>\n","protected":false},"author":1,"featured_media":0,"parent":0,"menu_order":0,"comment_status":"closed","ping_status":"closed","template":"","meta":{"footnotes":""},"class_list":["post-772","page","type-page","status-publish","hentry"],"jetpack_sharing_enabled":true,"_links":{"self":[{"href":"https:\/\/okabeer.com\/index.php\/wp-json\/wp\/v2\/pages\/772","targetHints":{"allow":["GET"]}}],"collection":[{"href":"https:\/\/okabeer.com\/index.php\/wp-json\/wp\/v2\/pages"}],"about":[{"href":"https:\/\/okabeer.com\/index.php\/wp-json\/wp\/v2\/types\/page"}],"author":[{"embeddable":true,"href":"https:\/\/okabeer.com\/index.php\/wp-json\/wp\/v2\/users\/1"}],"replies":[{"embeddable":true,"href":"https:\/\/okabeer.com\/index.php\/wp-json\/wp\/v2\/comments?post=772"}],"version-history":[{"count":16,"href":"https:\/\/okabeer.com\/index.php\/wp-json\/wp\/v2\/pages\/772\/revisions"}],"predecessor-version":[{"id":1007,"href":"https:\/\/okabeer.com\/index.php\/wp-json\/wp\/v2\/pages\/772\/revisions\/1007"}],"wp:attachment":[{"href":"https:\/\/okabeer.com\/index.php\/wp-json\/wp\/v2\/media?parent=772"}],"curies":[{"name":"wp","href":"https:\/\/api.w.org\/{rel}","templated":true}]}}