{"id":506,"date":"2022-03-14T18:32:34","date_gmt":"2022-03-14T17:32:34","guid":{"rendered":"http:\/\/okabeer.com\/?page_id=506"},"modified":"2022-03-29T17:47:03","modified_gmt":"2022-03-29T15:47:03","slug":"ils-en-parlent","status":"publish","type":"page","link":"https:\/\/okabeer.com\/index.php\/ils-en-parlent\/","title":{"rendered":"Ils en parlent"},"content":{"rendered":"\t\t<div data-elementor-type=\"wp-page\" data-elementor-id=\"506\" class=\"elementor elementor-506\">\n\t\t\t\t\t\t\t\t\t<section class=\"elementor-section elementor-top-section elementor-element elementor-element-920da2b elementor-section-boxed elementor-section-height-default elementor-section-height-default\" data-id=\"920da2b\" data-element_type=\"section\">\n\t\t\t\t\t\t<div class=\"elementor-container elementor-column-gap-default\">\n\t\t\t\t\t<div class=\"elementor-column elementor-col-100 elementor-top-column elementor-element elementor-element-7459d6b\" data-id=\"7459d6b\" data-element_type=\"column\">\n\t\t\t<div class=\"elementor-widget-wrap elementor-element-populated\">\n\t\t\t\t\t\t\t\t<section class=\"elementor-section elementor-inner-section elementor-element elementor-element-34fc9c7 elementor-section-boxed elementor-section-height-default elementor-section-height-default\" data-id=\"34fc9c7\" data-element_type=\"section\">\n\t\t\t\t\t\t<div class=\"elementor-container elementor-column-gap-default\">\n\t\t\t\t\t<div class=\"elementor-column elementor-col-50 elementor-inner-column elementor-element elementor-element-795b621\" data-id=\"795b621\" data-element_type=\"column\">\n\t\t\t<div class=\"elementor-widget-wrap elementor-element-populated\">\n\t\t\t\t\t\t\t\t<div class=\"elementor-element elementor-element-09627dc elementor-widget elementor-widget-image\" data-id=\"09627dc\" data-element_type=\"widget\" data-widget_type=\"image.default\">\n\t\t\t\t<div class=\"elementor-widget-container\">\n\t\t\t<style>\/*! elementor - v3.6.1 - 23-03-2022 *\/\n.elementor-widget-image{text-align:center}.elementor-widget-image a{display:inline-block}.elementor-widget-image a img[src$=\".svg\"]{width:48px}.elementor-widget-image img{vertical-align:middle;display:inline-block}<\/style>\t\t\t\t\t\t\t\t\t\t\t\t\t<a href=\"https:\/\/i0.wp.com\/okabeer.com\/wp-content\/uploads\/2022\/03\/Est_rep_Dugny_article.jpg\" target=\"_blank\">\n\t\t\t\t\t\t\t<img loading=\"lazy\" decoding=\"async\" width=\"420\" height=\"280\" src=\"https:\/\/i0.wp.com\/okabeer.com\/wp-content\/uploads\/2022\/03\/Est_rep_Dugny.png?fit=420%2C280&amp;ssl=1\" class=\"attachment-large size-large\" alt=\"\" srcset=\"https:\/\/i0.wp.com\/okabeer.com\/wp-content\/uploads\/2022\/03\/Est_rep_Dugny.png?w=420&amp;ssl=1 420w, https:\/\/i0.wp.com\/okabeer.com\/wp-content\/uploads\/2022\/03\/Est_rep_Dugny.png?resize=300%2C200&amp;ssl=1 300w\" sizes=\"auto, (max-width: 420px) 100vw, 420px\" \/>\t\t\t\t\t\t\t\t<\/a>\n\t\t\t\t\t\t\t\t\t\t\t\t\t\t\t<\/div>\n\t\t\t\t<\/div>\n\t\t\t\t\t<\/div>\n\t\t<\/div>\n\t\t\t\t<div class=\"elementor-column elementor-col-50 elementor-inner-column elementor-element elementor-element-04e8026\" data-id=\"04e8026\" data-element_type=\"column\">\n\t\t\t<div class=\"elementor-widget-wrap elementor-element-populated\">\n\t\t\t\t\t\t\t\t<div class=\"elementor-element elementor-element-7d80338 elementor-widget elementor-widget-text-editor\" data-id=\"7d80338\" data-element_type=\"widget\" data-widget_type=\"text-editor.default\">\n\t\t\t\t<div class=\"elementor-widget-container\">\n\t\t\t<style>\/*! elementor - v3.6.1 - 23-03-2022 *\/\n.elementor-widget-text-editor.elementor-drop-cap-view-stacked .elementor-drop-cap{background-color:#818a91;color:#fff}.elementor-widget-text-editor.elementor-drop-cap-view-framed .elementor-drop-cap{color:#818a91;border:3px solid;background-color:transparent}.elementor-widget-text-editor:not(.elementor-drop-cap-view-default) .elementor-drop-cap{margin-top:8px}.elementor-widget-text-editor:not(.elementor-drop-cap-view-default) .elementor-drop-cap-letter{width:1em;height:1em}.elementor-widget-text-editor .elementor-drop-cap{float:left;text-align:center;line-height:1;font-size:50px}.elementor-widget-text-editor .elementor-drop-cap-letter{display:inline-block}<\/style>\t\t\t\t<p>Est R\u00e9publicain 20 mars 2022 <\/p><p>Retour sur Bi\u00e8res en F\u00eate \u00e0 Dugny-Sur-Meuse<\/p>\t\t\t\t\t\t<\/div>\n\t\t\t\t<\/div>\n\t\t\t\t\t<\/div>\n\t\t<\/div>\n\t\t\t\t\t\t\t<\/div>\n\t\t<\/section>\n\t\t\t\t<section class=\"elementor-section elementor-inner-section elementor-element elementor-element-840e345 elementor-section-boxed elementor-section-height-default elementor-section-height-default\" data-id=\"840e345\" data-element_type=\"section\">\n\t\t\t\t\t\t<div class=\"elementor-container elementor-column-gap-default\">\n\t\t\t\t\t<div class=\"elementor-column elementor-col-50 elementor-inner-column elementor-element elementor-element-b96730c\" data-id=\"b96730c\" data-element_type=\"column\">\n\t\t\t<div class=\"elementor-widget-wrap elementor-element-populated\">\n\t\t\t\t\t\t\t\t<div class=\"elementor-element elementor-element-1c8462c elementor-widget elementor-widget-image\" data-id=\"1c8462c\" data-element_type=\"widget\" data-widget_type=\"image.default\">\n\t\t\t\t<div class=\"elementor-widget-container\">\n\t\t\t\t\t\t\t\t\t\t\t\t\t\t\t\t<a href=\"http:\/\/okabeer.com\/wp-content\/uploads\/2022\/03\/mars-2022-002-1.pdf\" target=\"_blank\">\n\t\t\t\t\t\t\t<img loading=\"lazy\" decoding=\"async\" width=\"875\" height=\"812\" src=\"https:\/\/i0.wp.com\/okabeer.com\/wp-content\/uploads\/2022\/03\/photo-zoom-micro-brasseries.png?fit=875%2C812&amp;ssl=1\" class=\"attachment-large size-large\" alt=\"\" srcset=\"https:\/\/i0.wp.com\/okabeer.com\/wp-content\/uploads\/2022\/03\/photo-zoom-micro-brasseries.png?w=875&amp;ssl=1 875w, https:\/\/i0.wp.com\/okabeer.com\/wp-content\/uploads\/2022\/03\/photo-zoom-micro-brasseries.png?resize=300%2C278&amp;ssl=1 300w, https:\/\/i0.wp.com\/okabeer.com\/wp-content\/uploads\/2022\/03\/photo-zoom-micro-brasseries.png?resize=768%2C713&amp;ssl=1 768w, https:\/\/i0.wp.com\/okabeer.com\/wp-content\/uploads\/2022\/03\/photo-zoom-micro-brasseries.png?resize=323%2C300&amp;ssl=1 323w\" sizes=\"auto, (max-width: 875px) 100vw, 875px\" \/>\t\t\t\t\t\t\t\t<\/a>\n\t\t\t\t\t\t\t\t\t\t\t\t\t\t\t<\/div>\n\t\t\t\t<\/div>\n\t\t\t\t\t<\/div>\n\t\t<\/div>\n\t\t\t\t<div class=\"elementor-column elementor-col-50 elementor-inner-column elementor-element elementor-element-c69fed4\" data-id=\"c69fed4\" data-element_type=\"column\">\n\t\t\t<div class=\"elementor-widget-wrap elementor-element-populated\">\n\t\t\t\t\t\t\t\t<div class=\"elementor-element elementor-element-cb20f18 elementor-widget elementor-widget-text-editor\" data-id=\"cb20f18\" data-element_type=\"widget\" data-widget_type=\"text-editor.default\">\n\t\t\t\t<div class=\"elementor-widget-container\">\n\t\t\t\t\t\t\t<p>Saintois et moi.<\/p><p>Zoom sur les micro brasseries en Saintois dans le num\u00e9ro de mars 2022<br><\/p>\t\t\t\t\t\t<\/div>\n\t\t\t\t<\/div>\n\t\t\t\t\t<\/div>\n\t\t<\/div>\n\t\t\t\t\t\t\t<\/div>\n\t\t<\/section>\n\t\t\t\t<section class=\"elementor-section elementor-inner-section elementor-element elementor-element-dbeccbb elementor-section-boxed elementor-section-height-default elementor-section-height-default\" data-id=\"dbeccbb\" data-element_type=\"section\">\n\t\t\t\t\t\t<div class=\"elementor-container elementor-column-gap-default\">\n\t\t\t\t\t<div class=\"elementor-column elementor-col-50 elementor-inner-column elementor-element elementor-element-ab2803b\" data-id=\"ab2803b\" data-element_type=\"column\">\n\t\t\t<div class=\"elementor-widget-wrap elementor-element-populated\">\n\t\t\t\t\t\t\t\t<div class=\"elementor-element elementor-element-7808dd0 elementor-widget elementor-widget-image\" data-id=\"7808dd0\" data-element_type=\"widget\" data-widget_type=\"image.default\">\n\t\t\t\t<div class=\"elementor-widget-container\">\n\t\t\t\t\t\t\t\t\t\t\t\t\t\t\t\t<a href=\"https:\/\/www.btobeer.com\/actualites\/bieres-brasseries\/best-of-2021-etiquettes-bouteilles-bieres-creatives-inspirantes?fbclid=IwAR0gmSKwcrCuHHYCtKGTt8tIqxV67C2E8U2FSUUfgS7WBk9qqaHQHZlgRo0\" target=\"_blank\">\n\t\t\t\t\t\t\t<img loading=\"lazy\" decoding=\"async\" width=\"472\" height=\"322\" src=\"https:\/\/i0.wp.com\/okabeer.com\/wp-content\/uploads\/2022\/03\/photo-BtoBeer.png?fit=472%2C322&amp;ssl=1\" class=\"attachment-large size-large\" alt=\"\" srcset=\"https:\/\/i0.wp.com\/okabeer.com\/wp-content\/uploads\/2022\/03\/photo-BtoBeer.png?w=472&amp;ssl=1 472w, https:\/\/i0.wp.com\/okabeer.com\/wp-content\/uploads\/2022\/03\/photo-BtoBeer.png?resize=300%2C205&amp;ssl=1 300w, https:\/\/i0.wp.com\/okabeer.com\/wp-content\/uploads\/2022\/03\/photo-BtoBeer.png?resize=440%2C300&amp;ssl=1 440w\" sizes=\"auto, (max-width: 472px) 100vw, 472px\" \/>\t\t\t\t\t\t\t\t<\/a>\n\t\t\t\t\t\t\t\t\t\t\t\t\t\t\t<\/div>\n\t\t\t\t<\/div>\n\t\t\t\t\t<\/div>\n\t\t<\/div>\n\t\t\t\t<div class=\"elementor-column elementor-col-50 elementor-inner-column elementor-element elementor-element-b29255c\" data-id=\"b29255c\" data-element_type=\"column\">\n\t\t\t<div class=\"elementor-widget-wrap elementor-element-populated\">\n\t\t\t\t\t\t\t\t<div class=\"elementor-element elementor-element-8b90976 elementor-widget elementor-widget-text-editor\" data-id=\"8b90976\" data-element_type=\"widget\" data-widget_type=\"text-editor.default\">\n\t\t\t\t<div class=\"elementor-widget-container\">\n\t\t\t\t\t\t\t<p>Best Of 2021 des \u00e9tiquettes de bi\u00e8res cr\u00e9atives et inspirantes.<\/p><p>D\u00e9cembre 2021<\/p>\t\t\t\t\t\t<\/div>\n\t\t\t\t<\/div>\n\t\t\t\t\t<\/div>\n\t\t<\/div>\n\t\t\t\t\t\t\t<\/div>\n\t\t<\/section>\n\t\t\t\t<section class=\"elementor-section elementor-inner-section elementor-element elementor-element-a936327 elementor-section-boxed elementor-section-height-default elementor-section-height-default\" data-id=\"a936327\" data-element_type=\"section\">\n\t\t\t\t\t\t<div class=\"elementor-container elementor-column-gap-default\">\n\t\t\t\t\t<div class=\"elementor-column elementor-col-50 elementor-inner-column elementor-element elementor-element-138c1cb\" data-id=\"138c1cb\" data-element_type=\"column\">\n\t\t\t<div class=\"elementor-widget-wrap elementor-element-populated\">\n\t\t\t\t\t\t\t\t<div class=\"elementor-element elementor-element-723a375 elementor-widget elementor-widget-image\" data-id=\"723a375\" data-element_type=\"widget\" data-widget_type=\"image.default\">\n\t\t\t\t<div class=\"elementor-widget-container\">\n\t\t\t\t\t\t\t\t\t\t\t\t\t\t\t\t<a href=\"https:\/\/i0.wp.com\/okabeer.com\/wp-content\/uploads\/2022\/03\/20211104_est-rep-1.jpg\" target=\"_blank\">\n\t\t\t\t\t\t\t<img loading=\"lazy\" decoding=\"async\" width=\"340\" height=\"300\" src=\"https:\/\/i0.wp.com\/okabeer.com\/wp-content\/uploads\/2022\/03\/20211104_est-rep-e1647278506270.jpg?fit=340%2C300&amp;ssl=1\" class=\"attachment-post-thumbnail size-post-thumbnail\" alt=\"\" srcset=\"https:\/\/i0.wp.com\/okabeer.com\/wp-content\/uploads\/2022\/03\/20211104_est-rep-e1647278506270.jpg?w=1096&amp;ssl=1 1096w, https:\/\/i0.wp.com\/okabeer.com\/wp-content\/uploads\/2022\/03\/20211104_est-rep-e1647278506270.jpg?resize=300%2C265&amp;ssl=1 300w, https:\/\/i0.wp.com\/okabeer.com\/wp-content\/uploads\/2022\/03\/20211104_est-rep-e1647278506270.jpg?resize=1024%2C903&amp;ssl=1 1024w, https:\/\/i0.wp.com\/okabeer.com\/wp-content\/uploads\/2022\/03\/20211104_est-rep-e1647278506270.jpg?resize=768%2C678&amp;ssl=1 768w, https:\/\/i0.wp.com\/okabeer.com\/wp-content\/uploads\/2022\/03\/20211104_est-rep-e1647278506270.jpg?resize=340%2C300&amp;ssl=1 340w\" sizes=\"auto, (max-width: 340px) 100vw, 340px\" \/>\t\t\t\t\t\t\t\t<\/a>\n\t\t\t\t\t\t\t\t\t\t\t\t\t\t\t<\/div>\n\t\t\t\t<\/div>\n\t\t\t\t\t<\/div>\n\t\t<\/div>\n\t\t\t\t<div class=\"elementor-column elementor-col-50 elementor-inner-column elementor-element elementor-element-2897452\" data-id=\"2897452\" data-element_type=\"column\">\n\t\t\t<div class=\"elementor-widget-wrap elementor-element-populated\">\n\t\t\t\t\t\t\t\t<div class=\"elementor-element elementor-element-6b4dd1c elementor-widget elementor-widget-text-editor\" data-id=\"6b4dd1c\" data-element_type=\"widget\" data-widget_type=\"text-editor.default\">\n\t\t\t\t<div class=\"elementor-widget-container\">\n\t\t\t\t\t\t\t<p>Est R\u00e9publicain<\/p><p>Novembre 2021.<\/p>\t\t\t\t\t\t<\/div>\n\t\t\t\t<\/div>\n\t\t\t\t\t<\/div>\n\t\t<\/div>\n\t\t\t\t\t\t\t<\/div>\n\t\t<\/section>\n\t\t\t\t\t<\/div>\n\t\t<\/div>\n\t\t\t\t\t\t\t<\/div>\n\t\t<\/section>\n\t\t\t\t<section class=\"elementor-section elementor-top-section elementor-element elementor-element-dc8e6f8 elementor-section-boxed elementor-section-height-default elementor-section-height-default\" data-id=\"dc8e6f8\" data-element_type=\"section\">\n\t\t\t\t\t\t<div class=\"elementor-container elementor-column-gap-default\">\n\t\t\t\t\t<div class=\"elementor-column elementor-col-100 elementor-top-column elementor-element elementor-element-85a8b92\" data-id=\"85a8b92\" data-element_type=\"column\">\n\t\t\t<div class=\"elementor-widget-wrap elementor-element-populated\">\n\t\t\t\t\t\t\t\t<section class=\"elementor-section elementor-inner-section elementor-element elementor-element-632c141 elementor-section-boxed elementor-section-height-default elementor-section-height-default\" data-id=\"632c141\" data-element_type=\"section\">\n\t\t\t\t\t\t<div class=\"elementor-container elementor-column-gap-default\">\n\t\t\t\t\t<div class=\"elementor-column elementor-col-50 elementor-inner-column elementor-element elementor-element-910dc76\" data-id=\"910dc76\" data-element_type=\"column\">\n\t\t\t<div class=\"elementor-widget-wrap elementor-element-populated\">\n\t\t\t\t\t\t\t\t<div class=\"elementor-element elementor-element-59c7c0c elementor-widget elementor-widget-image\" data-id=\"59c7c0c\" data-element_type=\"widget\" data-widget_type=\"image.default\">\n\t\t\t\t<div class=\"elementor-widget-container\">\n\t\t\t\t\t\t\t\t\t\t\t\t\t\t\t\t<a href=\"https:\/\/www.ccpaysdusaintois.fr\/UserFiles\/File\/lettres-infos\/lettre-information-14-v-web.pdf\" target=\"_blank\">\n\t\t\t\t\t\t\t<img loading=\"lazy\" decoding=\"async\" width=\"1024\" height=\"627\" src=\"https:\/\/i0.wp.com\/okabeer.com\/wp-content\/uploads\/2022\/03\/photo-comcom.png?fit=1024%2C627&amp;ssl=1\" class=\"attachment-large size-large\" alt=\"\" srcset=\"https:\/\/i0.wp.com\/okabeer.com\/wp-content\/uploads\/2022\/03\/photo-comcom.png?w=1531&amp;ssl=1 1531w, https:\/\/i0.wp.com\/okabeer.com\/wp-content\/uploads\/2022\/03\/photo-comcom.png?resize=300%2C184&amp;ssl=1 300w, https:\/\/i0.wp.com\/okabeer.com\/wp-content\/uploads\/2022\/03\/photo-comcom.png?resize=1024%2C627&amp;ssl=1 1024w, https:\/\/i0.wp.com\/okabeer.com\/wp-content\/uploads\/2022\/03\/photo-comcom.png?resize=768%2C470&amp;ssl=1 768w, https:\/\/i0.wp.com\/okabeer.com\/wp-content\/uploads\/2022\/03\/photo-comcom.png?resize=490%2C300&amp;ssl=1 490w\" sizes=\"auto, (max-width: 1024px) 100vw, 1024px\" \/>\t\t\t\t\t\t\t\t<\/a>\n\t\t\t\t\t\t\t\t\t\t\t\t\t\t\t<\/div>\n\t\t\t\t<\/div>\n\t\t\t\t\t<\/div>\n\t\t<\/div>\n\t\t\t\t<div class=\"elementor-column elementor-col-50 elementor-inner-column elementor-element elementor-element-3d19cdb\" data-id=\"3d19cdb\" data-element_type=\"column\">\n\t\t\t<div class=\"elementor-widget-wrap elementor-element-populated\">\n\t\t\t\t\t\t\t\t<div class=\"elementor-element elementor-element-8e33073 elementor-widget elementor-widget-text-editor\" data-id=\"8e33073\" data-element_type=\"widget\" data-widget_type=\"text-editor.default\">\n\t\t\t\t<div class=\"elementor-widget-container\">\n\t\t\t\t\t\t\t<p>Lettre d&#8217;information 14 de la communaut\u00e9 de Communes\u00a0 Pays du Saintois<\/p><p>Juillet 2021<\/p>\t\t\t\t\t\t<\/div>\n\t\t\t\t<\/div>\n\t\t\t\t\t<\/div>\n\t\t<\/div>\n\t\t\t\t\t\t\t<\/div>\n\t\t<\/section>\n\t\t\t\t\t<\/div>\n\t\t<\/div>\n\t\t\t\t\t\t\t<\/div>\n\t\t<\/section>\n\t\t\t\t\t\t\t<\/div>\n\t\t","protected":false},"excerpt":{"rendered":"<p>Est R\u00e9publicain 20 mars 2022 Retour sur Bi\u00e8res en F\u00eate \u00e0 Dugny-Sur-Meuse Saintois et moi. Zoom sur les micro brasseries en Saintois dans le num\u00e9ro &hellip;<\/p>\n","protected":false},"author":1,"featured_media":0,"parent":0,"menu_order":3,"comment_status":"closed","ping_status":"closed","template":"","meta":{"footnotes":""},"class_list":["post-506","page","type-page","status-publish","hentry"],"jetpack_sharing_enabled":true,"_links":{"self":[{"href":"https:\/\/okabeer.com\/index.php\/wp-json\/wp\/v2\/pages\/506","targetHints":{"allow":["GET"]}}],"collection":[{"href":"https:\/\/okabeer.com\/index.php\/wp-json\/wp\/v2\/pages"}],"about":[{"href":"https:\/\/okabeer.com\/index.php\/wp-json\/wp\/v2\/types\/page"}],"author":[{"embeddable":true,"href":"https:\/\/okabeer.com\/index.php\/wp-json\/wp\/v2\/users\/1"}],"replies":[{"embeddable":true,"href":"https:\/\/okabeer.com\/index.php\/wp-json\/wp\/v2\/comments?post=506"}],"version-history":[{"count":38,"href":"https:\/\/okabeer.com\/index.php\/wp-json\/wp\/v2\/pages\/506\/revisions"}],"predecessor-version":[{"id":620,"href":"https:\/\/okabeer.com\/index.php\/wp-json\/wp\/v2\/pages\/506\/revisions\/620"}],"wp:attachment":[{"href":"https:\/\/okabeer.com\/index.php\/wp-json\/wp\/v2\/media?parent=506"}],"curies":[{"name":"wp","href":"https:\/\/api.w.org\/{rel}","templated":true}]}}