{"id":259,"date":"2022-02-24T10:06:43","date_gmt":"2022-02-24T09:06:43","guid":{"rendered":"http:\/\/okabeer.com\/?page_id=259"},"modified":"2024-11-02T18:38:32","modified_gmt":"2024-11-02T17:38:32","slug":"la-brasserie","status":"publish","type":"page","link":"https:\/\/okabeer.com\/index.php\/la-brasserie\/","title":{"rendered":"La brasserie"},"content":{"rendered":"<style>\/*! elementor - v3.6.1 - 23-03-2022 *\/\n.elementor-heading-title{padding:0;margin:0;line-height:1}.elementor-widget-heading .elementor-heading-title[class*=elementor-size-]>a{color:inherit;font-size:inherit;line-height:inherit}.elementor-widget-heading .elementor-heading-title.elementor-size-small{font-size:15px}.elementor-widget-heading .elementor-heading-title.elementor-size-medium{font-size:19px}.elementor-widget-heading .elementor-heading-title.elementor-size-large{font-size:29px}.elementor-widget-heading .elementor-heading-title.elementor-size-xl{font-size:39px}.elementor-widget-heading .elementor-heading-title.elementor-size-xxl{font-size:59px}<\/style>\n<h2>L&#8217;\u00e9quipe<\/h2>\n<p>Passionn\u00e9s par le monde de la bi\u00e8re, nous souhaitons partager cet engouement avec vous \u00e0 travers une gamme vari\u00e9e de styles. Toutes nos productions sont cr\u00e9\u00e9es, brass\u00e9e et embouteill\u00e9es \u00e0 Praye, au pied de la colline de Sion.<\/p>\n<p>Nous nous sommes donn\u00e9 comme challenge de d\u00e9velopper des bi\u00e8res \u00e0 la fois go\u00fbteuses et l\u00e9g\u00e8res en alcool pour allier plaisir et d\u00e9couverte.<\/p>\n<style>\/*! elementor - v3.6.1 - 23-03-2022 *\/\n.elementor-widget-image{text-align:center}.elementor-widget-image a{display:inline-block}.elementor-widget-image a img[src$=\".svg\"]{width:48px}.elementor-widget-image img{vertical-align:middle;display:inline-block}<\/style>\n<p>\t\t\t\t\t\t\t\t\t\t\t\t<img data-recalc-dims=\"1\" decoding=\"async\" width=\"1024\" height=\"683\" src=\"https:\/\/i0.wp.com\/okabeer.com\/wp-content\/uploads\/2023\/11\/23004-okabeer-10.jpg?resize=1024%2C683\" alt=\"\" loading=\"lazy\" srcset=\"https:\/\/i0.wp.com\/okabeer.com\/wp-content\/uploads\/2023\/11\/23004-okabeer-10-scaled.jpg?resize=1024%2C683 1024w, https:\/\/i0.wp.com\/okabeer.com\/wp-content\/uploads\/2023\/11\/23004-okabeer-10-scaled.jpg?resize=300%2C200 300w, https:\/\/i0.wp.com\/okabeer.com\/wp-content\/uploads\/2023\/11\/23004-okabeer-10-scaled.jpg?resize=768%2C512 768w, https:\/\/i0.wp.com\/okabeer.com\/wp-content\/uploads\/2023\/11\/23004-okabeer-10-scaled.jpg?resize=1536%2C1024 1536w, https:\/\/i0.wp.com\/okabeer.com\/wp-content\/uploads\/2023\/11\/23004-okabeer-10-scaled.jpg?resize=2048%2C1365 2048w, https:\/\/i0.wp.com\/okabeer.com\/wp-content\/uploads\/2023\/11\/23004-okabeer-10-scaled.jpg?resize=450%2C300 450w, https:\/\/i0.wp.com\/okabeer.com\/wp-content\/uploads\/2023\/11\/23004-okabeer-10-scaled.jpg?resize=1320%2C880 1320w, https:\/\/i0.wp.com\/okabeer.com\/wp-content\/uploads\/2023\/11\/23004-okabeer-10-scaled.jpg?resize=600%2C400 600w, https:\/\/i0.wp.com\/okabeer.com\/wp-content\/uploads\/2023\/11\/23004-okabeer-10-scaled.jpg?w=2132 2132w\" sizes=\"auto, (max-width: 1024px) 100vw, 1024px\" \/>\t\t\t\t\t\t\t\t\t\t\t\t\t\t\t<\/p>\n<h2>Nos engagements<\/h2>\n<p>\t\t\t\t\t\t\t\t\t\t\t\t\t\t\t<img data-recalc-dims=\"1\" decoding=\"async\" src=\"https:\/\/i0.wp.com\/okabeer.com\/wp-content\/uploads\/elementor\/thumbs\/1643899735099-scaled-pkzf8gkg1tcn3wvms2yly4dadh3ckenozntoym0alc.jpg?w=1066\" title=\"OKA_bouteilles \u00e0 laver\" alt=\"OKA_bouteilles \u00e0 laver\" \/>\t\t\t\t\t\t\t\t\t\t\t\t\t\t\t<\/p>\n<h3>Le r\u00e9emploi des bouteilles par lavage<\/h3>\n<p><style>@font-face{<br \/>font-family:\"Times New Roman\";<br \/>}@font-face{<br \/>font-family:\"\u5b8b\u4f53\";<br \/>}@font-face{<br \/>font-family:\"SimSun\";<br \/>}@font-face{<br \/>font-family:\"Nexa Light\";<br \/>}p.MsoNormal{<br \/>mso-style-name:Normal;<br \/>mso-style-parent:\"\";<br \/>margin:0pt;<br \/>margin-bottom:.0001pt;<br \/>font-family:'Times New Roman';<br \/>}p.MsoHeader{<br \/>mso-style-name:Header;<br \/>margin:0pt;<br \/>margin-bottom:.0001pt;<br \/>font-family:'Times New Roman';<br \/>}p.MsoFooter{<br \/>mso-style-name:Footer;<br \/>margin:0pt;<br \/>margin-bottom:.0001pt;<br \/>font-family:'Times New Roman';<br \/>}span.msoIns{<br \/>mso-style-type:export-only;<br \/>mso-style-name:\"\";<br \/>text-decoration:underline;<br \/>text-underline:single;<br \/>color:blue;<br \/>}span.msoDel{<br \/>mso-style-type:export-only;<br \/>mso-style-name:\"\";<br \/>text-decoration:line-through;<br \/>color:red;<br \/>}table.MsoNormalTable{<br \/>mso-style-name:\"Table Normal\";<br \/>mso-style-parent:\"\";<br \/>mso-style-noshow:yes;<br \/>mso-tstyle-rowband-size:0;<br \/>mso-tstyle-colband-size:0;<br \/>mso-padding-alt:0,0000pt 5,4000pt 0,0000pt 5,4000pt;<br \/>mso-para-margin:0pt;<br \/>mso-para-margin-bottom:.0001pt;<br \/>mso-pagination:widow-orphan;<br \/>font-family:'Times New Roman';<br \/>font-size:10,0000pt;<br \/>mso-ansi-language:#0400;<br \/>mso-fareast-language:#0400;<br \/>mso-bidi-language:#0400;<br \/>}div.Section0{page:Section0;}<\/style>\n<\/p>\n<p align=\"justify\">Toutes nos bouteilles sont r\u00e9cup\u00e9r\u00e9es \u00e0 la brasserie pour \u00eatre lav\u00e9es puis r\u00e9utilis\u00e9es. <\/p>\n<p align=\"justify\">La r\u00e9cup\u00e9ration est bas\u00e9e sur le retour volontaire (on compte donc sur vous).<\/p>\n<p align=\"justify\">Les bouteilles sont ensuite lav\u00e9es par une entreprise locale : Uzajes \u00e0 Strasbourg<\/p>\n<p>\t\t\t\t\t\t\t\t\t\t\t\t\t\t\t<img data-recalc-dims=\"1\" decoding=\"async\" width=\"800\" height=\"533\" src=\"https:\/\/i0.wp.com\/okabeer.com\/wp-content\/uploads\/2022\/02\/OKA_dreches.jpeg?resize=800%2C533\" alt=\"OKA_dreches\" loading=\"lazy\" srcset=\"https:\/\/i0.wp.com\/okabeer.com\/wp-content\/uploads\/2022\/02\/OKA_dreches.jpeg?w=800 800w, https:\/\/i0.wp.com\/okabeer.com\/wp-content\/uploads\/2022\/02\/OKA_dreches.jpeg?resize=300%2C200 300w, https:\/\/i0.wp.com\/okabeer.com\/wp-content\/uploads\/2022\/02\/OKA_dreches.jpeg?resize=768%2C512 768w\" sizes=\"auto, (max-width: 800px) 100vw, 800px\" \/>\t\t\t\t\t\t\t\t\t\t\t\t\t\t\t<\/p>\n<h3>La revalorisation des dr\u00eaches<\/h3>\n<p><style>@font-face{<br \/>font-family:\"Times New Roman\";<br \/>}@font-face{<br \/>font-family:\"\u5b8b\u4f53\";<br \/>}@font-face{<br \/>font-family:\"SimSun\";<br \/>}@font-face{<br \/>font-family:\"Nexa Light\";<br \/>}p.MsoNormal{<br \/>mso-style-name:Normal;<br \/>mso-style-parent:\"\";<br \/>margin:0pt;<br \/>margin-bottom:.0001pt;<br \/>font-family:'Times New Roman';<br \/>}p.MsoHeader{<br \/>mso-style-name:Header;<br \/>margin:0pt;<br \/>margin-bottom:.0001pt;<br \/>font-family:'Times New Roman';<br \/>}p.MsoFooter{<br \/>mso-style-name:Footer;<br \/>margin:0pt;<br \/>margin-bottom:.0001pt;<br \/>font-family:'Times New Roman';<br \/>}span.msoIns{<br \/>mso-style-type:export-only;<br \/>mso-style-name:\"\";<br \/>text-decoration:underline;<br \/>text-underline:single;<br \/>color:blue;<br \/>}span.msoDel{<br \/>mso-style-type:export-only;<br \/>mso-style-name:\"\";<br \/>text-decoration:line-through;<br \/>color:red;<br \/>}table.MsoNormalTable{<br \/>mso-style-name:\"Table Normal\";<br \/>mso-style-parent:\"\";<br \/>mso-style-noshow:yes;<br \/>mso-tstyle-rowband-size:0;<br \/>mso-tstyle-colband-size:0;<br \/>mso-padding-alt:0,0000pt 5,4000pt 0,0000pt 5,4000pt;<br \/>mso-para-margin:0pt;<br \/>mso-para-margin-bottom:.0001pt;<br \/>mso-pagination:widow-orphan;<br \/>font-family:'Times New Roman';<br \/>font-size:10,0000pt;<br \/>mso-ansi-language:#0400;<br \/>mso-fareast-language:#0400;<br \/>mso-bidi-language:#0400;<br \/>}div.Section0{page:Section0;}<\/style>\n<\/p>\n<p align=\"justify\">Les dr\u00eaches sont g\u00e9n\u00e9ralement consid\u00e9r\u00e9es comme un d\u00e9chet du processus de brassage alors m\u00eame que fra\u00eeche, la dr\u00eache poss\u00e8de moins de glucides, plus de prot\u00e9ines, plus de fibres que la farine de bl\u00e9. De plus, les dr\u00eaches sont une source importante de min\u00e9raux tels que calcium, phosphore, fer et cuivre notamment.<\/p>\n<p>\t\t\t\t\t\t\t\t\t\t\t\t\t\t\t<img data-recalc-dims=\"1\" decoding=\"async\" width=\"1024\" height=\"768\" src=\"https:\/\/i0.wp.com\/okabeer.com\/wp-content\/uploads\/2022\/02\/orge.jpg?resize=1024%2C768\" alt=\"\" loading=\"lazy\" srcset=\"https:\/\/i0.wp.com\/okabeer.com\/wp-content\/uploads\/2022\/02\/orge.jpg?resize=1024%2C768 1024w, https:\/\/i0.wp.com\/okabeer.com\/wp-content\/uploads\/2022\/02\/orge.jpg?resize=300%2C225 300w, https:\/\/i0.wp.com\/okabeer.com\/wp-content\/uploads\/2022\/02\/orge.jpg?resize=768%2C576 768w, https:\/\/i0.wp.com\/okabeer.com\/wp-content\/uploads\/2022\/02\/orge.jpg?resize=1536%2C1152 1536w, https:\/\/i0.wp.com\/okabeer.com\/wp-content\/uploads\/2022\/02\/orge.jpg?resize=400%2C300 400w, https:\/\/i0.wp.com\/okabeer.com\/wp-content\/uploads\/2022\/02\/orge.jpg?w=1600 1600w\" sizes=\"auto, (max-width: 1024px) 100vw, 1024px\" \/>\t\t\t\t\t\t\t\t\t\t\t\t\t\t\t<\/p>\n<h3>L&#8217;approvionnement local<\/h3>\n<p><style>@font-face{<br \/>font-family:\"Times New Roman\";<br \/>}@font-face{<br \/>font-family:\"\u5b8b\u4f53\";<br \/>}@font-face{<br \/>font-family:\"SimSun\";<br \/>}@font-face{<br \/>font-family:\"Nexa Light\";<br \/>}p.MsoNormal{<br \/>mso-style-name:Normal;<br \/>mso-style-parent:\"\";<br \/>margin:0pt;<br \/>margin-bottom:.0001pt;<br \/>font-family:'Times New Roman';<br \/>}p.MsoHeader{<br \/>mso-style-name:Header;<br \/>margin:0pt;<br \/>margin-bottom:.0001pt;<br \/>font-family:'Times New Roman';<br \/>}p.MsoFooter{<br \/>mso-style-name:Footer;<br \/>margin:0pt;<br \/>margin-bottom:.0001pt;<br \/>font-family:'Times New Roman';<br \/>}span.msoIns{<br \/>mso-style-type:export-only;<br \/>mso-style-name:\"\";<br \/>text-decoration:underline;<br \/>text-underline:single;<br \/>color:blue;<br \/>}span.msoDel{<br \/>mso-style-type:export-only;<br \/>mso-style-name:\"\";<br \/>text-decoration:line-through;<br \/>color:red;<br \/>}table.MsoNormalTable{<br \/>mso-style-name:\"Table Normal\";<br \/>mso-style-parent:\"\";<br \/>mso-style-noshow:yes;<br \/>mso-tstyle-rowband-size:0;<br \/>mso-tstyle-colband-size:0;<br \/>mso-padding-alt:0,0000pt 5,4000pt 0,0000pt 5,4000pt;<br \/>mso-para-margin:0pt;<br \/>mso-para-margin-bottom:.0001pt;<br \/>mso-pagination:widow-orphan;<br \/>font-family:'Times New Roman';<br \/>font-size:10,0000pt;<br \/>mso-ansi-language:#0400;<br \/>mso-fareast-language:#0400;<br \/>mso-bidi-language:#0400;<br \/>}div.Section0{page:Section0;}<\/style>\n<\/p>\n<p align=\"justify\">Notre orge est produit dans la r\u00e9gion Grand Est. Une partie des houblons que nous utilisons viennent de la houblonni\u00e8re Hop-Rive en Moselle (\u00e0 faire cro\u00eetre en fonction des disponibilit\u00e9s).<\/p>\n<p align=\"justify\">Les \u00e9tiquettes sont imprim\u00e9es en Moselle, les bouteilles viennent des Vosges, les cartons de Meurthe-et-Moselle&#8230; <\/p>\n<p>\t\t\t\t\t\t\t\t\t\t\t\t\t\t\t<img data-recalc-dims=\"1\" decoding=\"async\" width=\"438\" height=\"390\" src=\"https:\/\/i0.wp.com\/okabeer.com\/wp-content\/uploads\/2023\/11\/Florain_logo.png?resize=438%2C390\" alt=\"\" loading=\"lazy\" srcset=\"https:\/\/i0.wp.com\/okabeer.com\/wp-content\/uploads\/2023\/11\/Florain_logo.png?w=438 438w, https:\/\/i0.wp.com\/okabeer.com\/wp-content\/uploads\/2023\/11\/Florain_logo.png?resize=300%2C267 300w, https:\/\/i0.wp.com\/okabeer.com\/wp-content\/uploads\/2023\/11\/Florain_logo.png?resize=337%2C300 337w\" sizes=\"auto, (max-width: 438px) 100vw, 438px\" \/>\t\t\t\t\t\t\t\t\t\t\t\t\t\t\t<\/p>\n<h3>Le paiement en monnaie locale<\/h3>\n<p><style>@font-face{<br \/>font-family:\"Times New Roman\";<br \/>}@font-face{<br \/>font-family:\"\u5b8b\u4f53\";<br \/>}@font-face{<br \/>font-family:\"SimSun\";<br \/>}@font-face{<br \/>font-family:\"Nexa Light\";<br \/>}p.MsoNormal{<br \/>mso-style-name:Normal;<br \/>mso-style-parent:\"\";<br \/>margin:0pt;<br \/>margin-bottom:.0001pt;<br \/>font-family:'Times New Roman';<br \/>}p.MsoHeader{<br \/>mso-style-name:Header;<br \/>margin:0pt;<br \/>margin-bottom:.0001pt;<br \/>font-family:'Times New Roman';<br \/>}p.MsoFooter{<br \/>mso-style-name:Footer;<br \/>margin:0pt;<br \/>margin-bottom:.0001pt;<br \/>font-family:'Times New Roman';<br \/>}span.msoIns{<br \/>mso-style-type:export-only;<br \/>mso-style-name:\"\";<br \/>text-decoration:underline;<br \/>text-underline:single;<br \/>color:blue;<br \/>}span.msoDel{<br \/>mso-style-type:export-only;<br \/>mso-style-name:\"\";<br \/>text-decoration:line-through;<br \/>color:red;<br \/>}table.MsoNormalTable{<br \/>mso-style-name:\"Table Normal\";<br \/>mso-style-parent:\"\";<br \/>mso-style-noshow:yes;<br \/>mso-tstyle-rowband-size:0;<br \/>mso-tstyle-colband-size:0;<br \/>mso-padding-alt:0,0000pt 5,4000pt 0,0000pt 5,4000pt;<br \/>mso-para-margin:0pt;<br \/>mso-para-margin-bottom:.0001pt;<br \/>mso-pagination:widow-orphan;<br \/>font-family:'Times New Roman';<br \/>font-size:10,0000pt;<br \/>mso-ansi-language:#0400;<br \/>mso-fareast-language:#0400;<br \/>mso-bidi-language:#0400;<br \/>}div.Section0{page:Section0;}<\/style>\n<\/p>\n<ul>\n<li>Quand je paye en Florains,\u00a0<strong>je soutiens des entreprises \u00e0 taille humaine et qui d\u00e9fendent des valeurs qui me sont ch\u00e8res\u00a0<\/strong>: solidarit\u00e9 locale et internationale, \u00e9cologie, lien social, culture etc\u2026<\/li>\n<li>La monnaie locale permet \u00e9galement d\u2019<strong>amorcer un cercle vertueux<\/strong>. Le professionnel qui va recevoir mes Florains va lui m\u00eame chercher \u00e0 les red\u00e9penser dans le r\u00e9seau et ainsi de suite. Ainsi, je favorise la coop\u00e9ration entre entreprises, associations et ind\u00e9pendants locaux.<\/li>\n<\/ul>\n<p>\t\t\t\t\t\t\t\t\t\t\t\t\t\t\t<img data-recalc-dims=\"1\" decoding=\"async\" width=\"1024\" height=\"1024\" src=\"https:\/\/i0.wp.com\/okabeer.com\/wp-content\/uploads\/2022\/09\/logo_BI_CMJN_noir_cadre.jpg?resize=1024%2C1024\" alt=\"Brasserie ind\u00e9pedante\" loading=\"lazy\" srcset=\"https:\/\/i0.wp.com\/okabeer.com\/wp-content\/uploads\/2022\/09\/logo_BI_CMJN_noir_cadre.jpg?resize=1024%2C1024 1024w, https:\/\/i0.wp.com\/okabeer.com\/wp-content\/uploads\/2022\/09\/logo_BI_CMJN_noir_cadre.jpg?resize=300%2C300 300w, https:\/\/i0.wp.com\/okabeer.com\/wp-content\/uploads\/2022\/09\/logo_BI_CMJN_noir_cadre.jpg?resize=150%2C150 150w, https:\/\/i0.wp.com\/okabeer.com\/wp-content\/uploads\/2022\/09\/logo_BI_CMJN_noir_cadre.jpg?resize=768%2C768 768w, https:\/\/i0.wp.com\/okabeer.com\/wp-content\/uploads\/2022\/09\/logo_BI_CMJN_noir_cadre.jpg?resize=1536%2C1536 1536w, https:\/\/i0.wp.com\/okabeer.com\/wp-content\/uploads\/2022\/09\/logo_BI_CMJN_noir_cadre.jpg?resize=1320%2C1320 1320w, https:\/\/i0.wp.com\/okabeer.com\/wp-content\/uploads\/2022\/09\/logo_BI_CMJN_noir_cadre.jpg?resize=600%2C600 600w, https:\/\/i0.wp.com\/okabeer.com\/wp-content\/uploads\/2022\/09\/logo_BI_CMJN_noir_cadre.jpg?resize=100%2C100 100w, https:\/\/i0.wp.com\/okabeer.com\/wp-content\/uploads\/2022\/09\/logo_BI_CMJN_noir_cadre.jpg?w=1772 1772w\" sizes=\"auto, (max-width: 1024px) 100vw, 1024px\" \/>\t\t\t\t\t\t\t\t\t\t\t\t\t\t\t<\/p>\n<h3>L&#8217;adh\u00e9sion \u00e0 des valeurs<\/h3>\n<p><style>@font-face{<br \/>font-family:\"Times New Roman\";<br \/>}@font-face{<br \/>font-family:\"\u5b8b\u4f53\";<br \/>}@font-face{<br \/>font-family:\"SimSun\";<br \/>}@font-face{<br \/>font-family:\"Nexa Light\";<br \/>}p.MsoNormal{<br \/>mso-style-name:Normal;<br \/>mso-style-parent:\"\";<br \/>margin:0pt;<br \/>margin-bottom:.0001pt;<br \/>font-family:'Times New Roman';<br \/>}p.MsoHeader{<br \/>mso-style-name:Header;<br \/>margin:0pt;<br \/>margin-bottom:.0001pt;<br \/>font-family:'Times New Roman';<br \/>}p.MsoFooter{<br \/>mso-style-name:Footer;<br \/>margin:0pt;<br \/>margin-bottom:.0001pt;<br \/>font-family:'Times New Roman';<br \/>}span.msoIns{<br \/>mso-style-type:export-only;<br \/>mso-style-name:\"\";<br \/>text-decoration:underline;<br \/>text-underline:single;<br \/>color:blue;<br \/>}span.msoDel{<br \/>mso-style-type:export-only;<br \/>mso-style-name:\"\";<br \/>text-decoration:line-through;<br \/>color:red;<br \/>}table.MsoNormalTable{<br \/>mso-style-name:\"Table Normal\";<br \/>mso-style-parent:\"\";<br \/>mso-style-noshow:yes;<br \/>mso-tstyle-rowband-size:0;<br \/>mso-tstyle-colband-size:0;<br \/>mso-padding-alt:0,0000pt 5,4000pt 0,0000pt 5,4000pt;<br \/>mso-para-margin:0pt;<br \/>mso-para-margin-bottom:.0001pt;<br \/>mso-pagination:widow-orphan;<br \/>font-family:'Times New Roman';<br \/>font-size:10,0000pt;<br \/>mso-ansi-language:#0400;<br \/>mso-fareast-language:#0400;<br \/>mso-bidi-language:#0400;<br \/>}div.Section0{page:Section0;}<\/style>\n<\/p>\n<p>BI : un label ETHIQUE, qui reprend les valeurs d\u2019adh\u00e9sion au SNBi :- transparence,- ind\u00e9pendance,- v\u00e9ritable brasserie,- pas de sous-traitance,- respect de la loi et de l\u2019image de la bi\u00e8re.<\/p>\n<p>\u00a0<\/p>\n<p>\t\t\t\t\t\t\t\t\t\t\t\t\t\t\t<img data-recalc-dims=\"1\" decoding=\"async\" width=\"300\" height=\"202\" src=\"https:\/\/i0.wp.com\/okabeer.com\/wp-content\/uploads\/2024\/02\/logo_ubge_clair.jpg?resize=300%2C202\" alt=\"\" loading=\"lazy\" srcset=\"https:\/\/i0.wp.com\/okabeer.com\/wp-content\/uploads\/2024\/02\/logo_ubge_clair.jpg?resize=300%2C202 300w, https:\/\/i0.wp.com\/okabeer.com\/wp-content\/uploads\/2024\/02\/logo_ubge_clair.jpg?resize=445%2C300 445w, https:\/\/i0.wp.com\/okabeer.com\/wp-content\/uploads\/2024\/02\/logo_ubge_clair.jpg?w=525 525w\" sizes=\"auto, (max-width: 300px) 100vw, 300px\" \/>\t\t\t\t\t\t\t\t\t\t\t\t\t\t\t<\/p>\n<h3>Le partage et la coop\u00e9ration<\/h3>\n<p><style>@font-face{<br \/>font-family:\"Times New Roman\";<br \/>}@font-face{<br \/>font-family:\"\u5b8b\u4f53\";<br \/>}@font-face{<br \/>font-family:\"SimSun\";<br \/>}@font-face{<br \/>font-family:\"Nexa Light\";<br \/>}p.MsoNormal{<br \/>mso-style-name:Normal;<br \/>mso-style-parent:\"\";<br \/>margin:0pt;<br \/>margin-bottom:.0001pt;<br \/>font-family:'Times New Roman';<br \/>}p.MsoHeader{<br \/>mso-style-name:Header;<br \/>margin:0pt;<br \/>margin-bottom:.0001pt;<br \/>font-family:'Times New Roman';<br \/>}p.MsoFooter{<br \/>mso-style-name:Footer;<br \/>margin:0pt;<br \/>margin-bottom:.0001pt;<br \/>font-family:'Times New Roman';<br \/>}span.msoIns{<br \/>mso-style-type:export-only;<br \/>mso-style-name:\"\";<br \/>text-decoration:underline;<br \/>text-underline:single;<br \/>color:blue;<br \/>}span.msoDel{<br \/>mso-style-type:export-only;<br \/>mso-style-name:\"\";<br \/>text-decoration:line-through;<br \/>color:red;<br \/>}table.MsoNormalTable{<br \/>mso-style-name:\"Table Normal\";<br \/>mso-style-parent:\"\";<br \/>mso-style-noshow:yes;<br \/>mso-tstyle-rowband-size:0;<br \/>mso-tstyle-colband-size:0;<br \/>mso-padding-alt:0,0000pt 5,4000pt 0,0000pt 5,4000pt;<br \/>mso-para-margin:0pt;<br \/>mso-para-margin-bottom:.0001pt;<br \/>mso-pagination:widow-orphan;<br \/>font-family:'Times New Roman';<br \/>font-size:10,0000pt;<br \/>mso-ansi-language:#0400;<br \/>mso-fareast-language:#0400;<br \/>mso-bidi-language:#0400;<br \/>}div.Section0{page:Section0;}<\/style>\n<\/p>\n<p>L&#8217;union des Brasseries du Grand Est a pour objectif principal de f\u00e9d\u00e9rer les brasseries des anciennes r\u00e9gions historiques Alsace, Champagne-Ardenne et Lorraine et de trouver des synergies entre eux.<br \/>\nses missions principales :<br \/>\n&#8211; Promouvoir la profession de brasseur et la bi\u00e8re produite dans cette zone g\u00e9ographique,<br \/>\n&#8211; Organiser ou participer \u00e0 des manifestations communes autour de la bi\u00e8re et de la brasserie,<br \/>\n&#8211; Cr\u00e9er un r\u00e9seau d\u2019entraide technique et permettre une \u00e9ventuelle mutualisation d\u2019achats.<br \/>\n&nbsp;<br \/>\nL\u2019UBGE compte 40 adh\u00e9rents \u00e0 fin 2024.<br \/>\n&nbsp;<\/p>\n<style>\/*! elementor - v3.6.1 - 23-03-2022 *\/\n.elementor-widget-divider{--divider-border-style:none;--divider-border-width:1px;--divider-color:#2c2c2c;--divider-icon-size:20px;--divider-element-spacing:10px;--divider-pattern-height:24px;--divider-pattern-size:20px;--divider-pattern-url:none;--divider-pattern-repeat:repeat-x}.elementor-widget-divider .elementor-divider{display:-webkit-box;display:-ms-flexbox;display:flex}.elementor-widget-divider .elementor-divider__text{font-size:15px;line-height:1;max-width:95%}.elementor-widget-divider .elementor-divider__element{margin:0 var(--divider-element-spacing);-ms-flex-negative:0;flex-shrink:0}.elementor-widget-divider .elementor-icon{font-size:var(--divider-icon-size)}.elementor-widget-divider .elementor-divider-separator{display:-webkit-box;display:-ms-flexbox;display:flex;margin:0;direction:ltr}.elementor-widget-divider--view-line_icon .elementor-divider-separator,.elementor-widget-divider--view-line_text .elementor-divider-separator{-webkit-box-align:center;-ms-flex-align:center;align-items:center}.elementor-widget-divider--view-line_icon .elementor-divider-separator:after,.elementor-widget-divider--view-line_icon .elementor-divider-separator:before,.elementor-widget-divider--view-line_text .elementor-divider-separator:after,.elementor-widget-divider--view-line_text .elementor-divider-separator:before{display:block;content:\"\";border-bottom:0;-webkit-box-flex:1;-ms-flex-positive:1;flex-grow:1;border-top:var(--divider-border-width) var(--divider-border-style) var(--divider-color)}.elementor-widget-divider--element-align-left .elementor-divider .elementor-divider-separator>.elementor-divider__svg:first-of-type{-webkit-box-flex:0;-ms-flex-positive:0;flex-grow:0;-ms-flex-negative:100;flex-shrink:100}.elementor-widget-divider--element-align-left .elementor-divider-separator:before{content:none}.elementor-widget-divider--element-align-left .elementor-divider__element{margin-left:0}.elementor-widget-divider--element-align-right .elementor-divider .elementor-divider-separator>.elementor-divider__svg:last-of-type{-webkit-box-flex:0;-ms-flex-positive:0;flex-grow:0;-ms-flex-negative:100;flex-shrink:100}.elementor-widget-divider--element-align-right .elementor-divider-separator:after{content:none}.elementor-widget-divider--element-align-right .elementor-divider__element{margin-right:0}.elementor-widget-divider:not(.elementor-widget-divider--view-line_text):not(.elementor-widget-divider--view-line_icon) .elementor-divider-separator{border-top:var(--divider-border-width) var(--divider-border-style) var(--divider-color)}.elementor-widget-divider--separator-type-pattern{--divider-border-style:none}.elementor-widget-divider--separator-type-pattern.elementor-widget-divider--view-line .elementor-divider-separator,.elementor-widget-divider--separator-type-pattern:not(.elementor-widget-divider--view-line) .elementor-divider-separator:after,.elementor-widget-divider--separator-type-pattern:not(.elementor-widget-divider--view-line) .elementor-divider-separator:before,.elementor-widget-divider--separator-type-pattern:not([class*=elementor-widget-divider--view]) .elementor-divider-separator{width:100%;min-height:var(--divider-pattern-height);-webkit-mask-size:var(--divider-pattern-size) 100%;mask-size:var(--divider-pattern-size) 100%;-webkit-mask-repeat:var(--divider-pattern-repeat);mask-repeat:var(--divider-pattern-repeat);background-color:var(--divider-color);-webkit-mask-image:var(--divider-pattern-url);mask-image:var(--divider-pattern-url)}.elementor-widget-divider--no-spacing{--divider-pattern-size:auto}.elementor-widget-divider--bg-round{--divider-pattern-repeat:round}.rtl .elementor-widget-divider .elementor-divider__text{direction:rtl}<\/style>\n<p>Brasserie cr\u00e9\u00e9e avec le soutien de l&#8217;Union Europ\u00e9enne dans le cadre du projet Leader.<\/p>\n<p>\t\t\t\t\t\t\t\t\t\t\t\t\t\t\t<img data-recalc-dims=\"1\" decoding=\"async\" width=\"233\" height=\"167\" src=\"https:\/\/i0.wp.com\/okabeer.com\/wp-content\/uploads\/2022\/02\/Union-Europeenne.png?resize=233%2C167\" alt=\"\" loading=\"lazy\" \/><br \/>\n\t\t\t\t\t\t\t\t\t\t\t\t\t\t\t<img data-recalc-dims=\"1\" decoding=\"async\" width=\"271\" height=\"186\" src=\"https:\/\/i0.wp.com\/okabeer.com\/wp-content\/uploads\/2022\/02\/LEADER.jpg?resize=271%2C186\" alt=\"LEADER\" loading=\"lazy\" \/><\/p>\n","protected":false},"excerpt":{"rendered":"<p>L&#8217;\u00e9quipe Passionn\u00e9s par le monde de la bi\u00e8re, nous souhaitons partager cet engouement avec vous \u00e0 travers une gamme vari\u00e9e de styles. Toutes nos productions &hellip;<\/p>\n","protected":false},"author":1,"featured_media":0,"parent":0,"menu_order":0,"comment_status":"closed","ping_status":"closed","template":"","meta":{"footnotes":""},"class_list":["post-259","page","type-page","status-publish","hentry"],"jetpack_sharing_enabled":true,"_links":{"self":[{"href":"https:\/\/okabeer.com\/index.php\/wp-json\/wp\/v2\/pages\/259","targetHints":{"allow":["GET"]}}],"collection":[{"href":"https:\/\/okabeer.com\/index.php\/wp-json\/wp\/v2\/pages"}],"about":[{"href":"https:\/\/okabeer.com\/index.php\/wp-json\/wp\/v2\/types\/page"}],"author":[{"embeddable":true,"href":"https:\/\/okabeer.com\/index.php\/wp-json\/wp\/v2\/users\/1"}],"replies":[{"embeddable":true,"href":"https:\/\/okabeer.com\/index.php\/wp-json\/wp\/v2\/comments?post=259"}],"version-history":[{"count":85,"href":"https:\/\/okabeer.com\/index.php\/wp-json\/wp\/v2\/pages\/259\/revisions"}],"predecessor-version":[{"id":1051,"href":"https:\/\/okabeer.com\/index.php\/wp-json\/wp\/v2\/pages\/259\/revisions\/1051"}],"wp:attachment":[{"href":"https:\/\/okabeer.com\/index.php\/wp-json\/wp\/v2\/media?parent=259"}],"curies":[{"name":"wp","href":"https:\/\/api.w.org\/{rel}","templated":true}]}}